{"id":9084,"date":"2022-10-07T02:00:47","date_gmt":"2022-10-07T02:00:47","guid":{"rendered":"https:\/\/resitransgroup.com\/portal\/?post_type=product&#038;p=9084"},"modified":"2024-09-12T13:45:26","modified_gmt":"2024-09-12T13:45:26","slug":"jaula-residuos-peligrosos","status":"publish","type":"product","link":"https:\/\/resitransgroup.com\/portal\/producto\/jaula-residuos-peligrosos\/","title":{"rendered":"JAULA MET\u00c1LICA PARA MATERIALES PELIGROSOS"},"content":{"rendered":"<p><strong>JAULA MET\u00c1LICA PARA PRODUCTOS QU\u00cdMICOS O RESIDUOS S\u00d3LIDOS PELIGROSOS<\/strong><\/p>\n","protected":false},"excerpt":{"rendered":"<p><strong>JAULA MET\u00c1LICA PARA MATERIALES PELIGROSOS<\/strong><br \/>\nFabricado con estructura met\u00e1lica de tubos y planchas negra o galvanizada, recubierta con malla electrosoldada, pintado con base epoxica y acabado glose el color seg\u00fan lo que indique el cliente. Puede ser con divisi\u00f3n en forma de bandejas o sin divisi\u00f3n. Incluye bisagras, cerrojos y armellas para candados.<\/p>\n<p>Accesorios adicionales:<\/p>\n<ul>\n<li>Porta documento para las hojas MSDS<\/li>\n<li>Se\u00f1al\u00e9ticas como: Peligro Bodega para Residuos Peligrosos, solo Personal Autorizado, Rombo NFPA, Productos Inflamables y Prohibido Fumar.<\/li>\n<\/ul>\n","protected":false},"featured_media":9377,"comment_status":"open","ping_status":"closed","template":"","meta":[],"product_brand":[],"product_cat":[98],"product_tag":[],"class_list":{"0":"post-9084","1":"product","2":"type-product","3":"status-publish","4":"has-post-thumbnail","6":"product_cat-manejo-de-residuos","8":"first","9":"instock","10":"taxable","11":"shipping-taxable","12":"product-type-simple"},"_links":{"self":[{"href":"https:\/\/resitransgroup.com\/portal\/wp-json\/wp\/v2\/product\/9084","targetHints":{"allow":["GET"]}}],"collection":[{"href":"https:\/\/resitransgroup.com\/portal\/wp-json\/wp\/v2\/product"}],"about":[{"href":"https:\/\/resitransgroup.com\/portal\/wp-json\/wp\/v2\/types\/product"}],"replies":[{"embeddable":true,"href":"https:\/\/resitransgroup.com\/portal\/wp-json\/wp\/v2\/comments?post=9084"}],"version-history":[{"count":3,"href":"https:\/\/resitransgroup.com\/portal\/wp-json\/wp\/v2\/product\/9084\/revisions"}],"predecessor-version":[{"id":9378,"href":"https:\/\/resitransgroup.com\/portal\/wp-json\/wp\/v2\/product\/9084\/revisions\/9378"}],"wp:featuredmedia":[{"embeddable":true,"href":"https:\/\/resitransgroup.com\/portal\/wp-json\/wp\/v2\/media\/9377"}],"wp:attachment":[{"href":"https:\/\/resitransgroup.com\/portal\/wp-json\/wp\/v2\/media?parent=9084"}],"wp:term":[{"taxonomy":"product_brand","embeddable":true,"href":"https:\/\/resitransgroup.com\/portal\/wp-json\/wp\/v2\/product_brand?post=9084"},{"taxonomy":"product_cat","embeddable":true,"href":"https:\/\/resitransgroup.com\/portal\/wp-json\/wp\/v2\/product_cat?post=9084"},{"taxonomy":"product_tag","embeddable":true,"href":"https:\/\/resitransgroup.com\/portal\/wp-json\/wp\/v2\/product_tag?post=9084"}],"curies":[{"name":"wp","href":"https:\/\/api.w.org\/{rel}","templated":true}]}}