{"id":9010,"date":"2022-05-21T20:51:57","date_gmt":"2022-05-21T20:51:57","guid":{"rendered":"https:\/\/resitransgroup.com\/portal\/?post_type=product&#038;p=9010"},"modified":"2023-07-18T22:07:39","modified_gmt":"2023-07-18T22:07:39","slug":"cono-de-seguridad-pvc","status":"publish","type":"product","link":"https:\/\/resitransgroup.com\/portal\/producto\/cono-de-seguridad-pvc\/","title":{"rendered":"CONO DE SEGURIDAD PVC"},"content":{"rendered":"<h1 class=\"product-meta__title heading h1\">Cono de seguridad PVC 70 cm 28&#8243; c\/cinta liviano 204c<\/h1>\n","protected":false},"excerpt":{"rendered":"<table width=\"577\">\n<tbody>\n<tr>\n<td>Caracter\u00edsticas<\/td>\n<td>Proporciona un m\u00e9todo r\u00e1pido y f\u00e1cil de resaltar e indicar zonas de riesgo.<\/td>\n<\/tr>\n<tr>\n<td>Marca<\/td>\n<td>GPC<\/td>\n<\/tr>\n<tr>\n<td>Material<\/td>\n<td>PVC<\/td>\n<\/tr>\n<tr>\n<td>Medida<\/td>\n<td>28\u2033<\/td>\n<\/tr>\n<tr>\n<td>Peso<\/td>\n<td>2.14 kg<\/td>\n<\/tr>\n<tr>\n<td>Color<\/td>\n<td>Naranja<\/td>\n<\/tr>\n<tr>\n<td>Usos<\/td>\n<td>Ideal para estacionamientos, Banco, Centros Comerciales, Clubes Sociales, etc.<\/td>\n<\/tr>\n<tr>\n<td>Procedencia<\/td>\n<td>Nacional<\/td>\n<\/tr>\n<tr>\n<td>Tipo<\/td>\n<td>Conos y postes<\/td>\n<\/tr>\n<tr>\n<td>Categoria<\/td>\n<td>Seguridad vial<\/td>\n<\/tr>\n<\/tbody>\n<\/table>\n","protected":false},"featured_media":9011,"comment_status":"open","ping_status":"closed","template":"","meta":[],"product_brand":[],"product_cat":[100],"product_tag":[],"class_list":{"0":"post-9010","1":"product","2":"type-product","3":"status-publish","4":"has-post-thumbnail","6":"product_cat-seguridad-industrial","8":"first","9":"instock","10":"taxable","11":"shipping-taxable","12":"product-type-simple"},"_links":{"self":[{"href":"https:\/\/resitransgroup.com\/portal\/wp-json\/wp\/v2\/product\/9010","targetHints":{"allow":["GET"]}}],"collection":[{"href":"https:\/\/resitransgroup.com\/portal\/wp-json\/wp\/v2\/product"}],"about":[{"href":"https:\/\/resitransgroup.com\/portal\/wp-json\/wp\/v2\/types\/product"}],"replies":[{"embeddable":true,"href":"https:\/\/resitransgroup.com\/portal\/wp-json\/wp\/v2\/comments?post=9010"}],"version-history":[{"count":2,"href":"https:\/\/resitransgroup.com\/portal\/wp-json\/wp\/v2\/product\/9010\/revisions"}],"predecessor-version":[{"id":9242,"href":"https:\/\/resitransgroup.com\/portal\/wp-json\/wp\/v2\/product\/9010\/revisions\/9242"}],"wp:featuredmedia":[{"embeddable":true,"href":"https:\/\/resitransgroup.com\/portal\/wp-json\/wp\/v2\/media\/9011"}],"wp:attachment":[{"href":"https:\/\/resitransgroup.com\/portal\/wp-json\/wp\/v2\/media?parent=9010"}],"wp:term":[{"taxonomy":"product_brand","embeddable":true,"href":"https:\/\/resitransgroup.com\/portal\/wp-json\/wp\/v2\/product_brand?post=9010"},{"taxonomy":"product_cat","embeddable":true,"href":"https:\/\/resitransgroup.com\/portal\/wp-json\/wp\/v2\/product_cat?post=9010"},{"taxonomy":"product_tag","embeddable":true,"href":"https:\/\/resitransgroup.com\/portal\/wp-json\/wp\/v2\/product_tag?post=9010"}],"curies":[{"name":"wp","href":"https:\/\/api.w.org\/{rel}","templated":true}]}}