{"id":9003,"date":"2022-05-21T20:44:11","date_gmt":"2022-05-21T20:44:11","guid":{"rendered":"https:\/\/resitransgroup.com\/portal\/?post_type=product&#038;p=9003"},"modified":"2023-07-18T22:08:31","modified_gmt":"2023-07-18T22:08:31","slug":"cinta-de-senalizacion","status":"publish","type":"product","link":"https:\/\/resitransgroup.com\/portal\/producto\/cinta-de-senalizacion\/","title":{"rendered":"CINTA DE SE\u00d1ALIZACI\u00d3N"},"content":{"rendered":"<h6><strong>CINTA DE SE\u00d1ALIZACI\u00d3N PELIGRO COLOR AMARILLO Y ROJO<\/strong><\/h6>\n<p>&nbsp;<\/p>\n<h6><strong>APLICACIONES<\/strong><\/h6>\n<ul>\n<li>Obligatoria en espacios p\u00fablicos para demarcar zonas y obstaculizar el paso en lugares de trabajo a personas ajenas a la actividad.<\/li>\n<li>Proporciona un m\u00e9todo r\u00e1pido y f\u00e1cil de resaltar e indicar.<br \/>\n\u2013 Zonas de riesgo<br \/>\n\u2013 \u00c1reas peligrosas<\/li>\n<li>Demarcaci\u00f3n perimetral de \u00e1reas.<br \/>\n\u2013 Obras en construcci\u00f3n<br \/>\n\u2013 Derrumbes<br \/>\n\u2013 Inundaciones<br \/>\n\u2013 Arreglos en la v\u00eda p\u00fablica o zonas de mantenimiento.<\/li>\n<\/ul>\n","protected":false},"excerpt":{"rendered":"<p>Cinta de se\u00f1alizaci\u00f3n peligro amarillo y rojo, cinta de polietileno de baja densidad 100% Virgen y Reciclado. Otorga flexibilidad al permitir estirar y hacer nudos para adaptarse a cualquier condici\u00f3n donde se deba delimitar un \u00e1rea espec\u00edfica.<\/p>\n<ul>\n<li>Procedencia: Nacional.<\/li>\n<li>Color: Amarillo y rojo<\/li>\n<li>Material: Polietileno<\/li>\n<li>Largo: 150 m y 200 m. Otras medidas a pedido.<\/li>\n<\/ul>\n","protected":false},"featured_media":9009,"comment_status":"open","ping_status":"closed","template":"","meta":[],"product_brand":[],"product_cat":[100],"product_tag":[],"class_list":{"0":"post-9003","1":"product","2":"type-product","3":"status-publish","4":"has-post-thumbnail","6":"product_cat-seguridad-industrial","8":"first","9":"instock","10":"taxable","11":"shipping-taxable","12":"product-type-simple"},"_links":{"self":[{"href":"https:\/\/resitransgroup.com\/portal\/wp-json\/wp\/v2\/product\/9003","targetHints":{"allow":["GET"]}}],"collection":[{"href":"https:\/\/resitransgroup.com\/portal\/wp-json\/wp\/v2\/product"}],"about":[{"href":"https:\/\/resitransgroup.com\/portal\/wp-json\/wp\/v2\/types\/product"}],"replies":[{"embeddable":true,"href":"https:\/\/resitransgroup.com\/portal\/wp-json\/wp\/v2\/comments?post=9003"}],"version-history":[{"count":2,"href":"https:\/\/resitransgroup.com\/portal\/wp-json\/wp\/v2\/product\/9003\/revisions"}],"predecessor-version":[{"id":9243,"href":"https:\/\/resitransgroup.com\/portal\/wp-json\/wp\/v2\/product\/9003\/revisions\/9243"}],"wp:featuredmedia":[{"embeddable":true,"href":"https:\/\/resitransgroup.com\/portal\/wp-json\/wp\/v2\/media\/9009"}],"wp:attachment":[{"href":"https:\/\/resitransgroup.com\/portal\/wp-json\/wp\/v2\/media?parent=9003"}],"wp:term":[{"taxonomy":"product_brand","embeddable":true,"href":"https:\/\/resitransgroup.com\/portal\/wp-json\/wp\/v2\/product_brand?post=9003"},{"taxonomy":"product_cat","embeddable":true,"href":"https:\/\/resitransgroup.com\/portal\/wp-json\/wp\/v2\/product_cat?post=9003"},{"taxonomy":"product_tag","embeddable":true,"href":"https:\/\/resitransgroup.com\/portal\/wp-json\/wp\/v2\/product_tag?post=9003"}],"curies":[{"name":"wp","href":"https:\/\/api.w.org\/{rel}","templated":true}]}}