{"id":7712,"date":"2020-12-19T04:42:16","date_gmt":"2020-12-19T04:42:16","guid":{"rendered":"https:\/\/resitransgroup.com\/portal\/?post_type=product&#038;p=7712"},"modified":"2026-01-03T11:13:20","modified_gmt":"2026-01-03T11:13:20","slug":"cilindro-kit-antiderrame","status":"publish","type":"product","link":"https:\/\/resitransgroup.com\/portal\/producto\/cilindro-kit-antiderrame\/","title":{"rendered":"CILINDRO CON KIT ANTIDERRAME"},"content":{"rendered":"<p>Cilindro <a href=\"https:\/\/fisicalabsinvestigacion.uniandes.edu.co\/archivos\/man_salud_ocup\/ANEXOS_GISSA_2013\/MANEJO%20DE%20DERRAMES%20Ver%20Impresi%C3%B3n.pdf\" target=\"_blank\" rel=\"noopener noreferrer\">\u00a0Kit antiderrame<\/a> para trabajos de limpieza de derrames HC es un complemento para los<a href=\"https:\/\/resitransgroup.com\/portal\/producto\/cilindro-kit-antiderrame\/\" target=\"_blank\" rel=\"noopener noreferrer\"> sistemas de contingencias<\/a>.<\/p>\n<p>El kit b\u00e1sico para la atenci\u00f3n de derrames ha sido suministrado a aquellos laboratorios, talleres y espacios que<br \/>\nalmacenan sustancias qu\u00edmicas en cantidades considerables.<br \/>\nEl kit es un cilindro de 55 glns ideal para derrames de hasta 50 litros, y contiene los siguientes elementos:<\/p>\n<ul>\n<li>1 Pala<\/li>\n<li>3 Cordone<\/li>\n<li>10 Pa\u00f1os absorbentes<\/li>\n<li>2 Bolsa roja<\/li>\n<li>2 Bolsa verde<\/li>\n<li>1 Brocha mediana<\/li>\n<li>\u00a0Par de guantes de nitrilo solvex<\/li>\n<li>Respirador media m\u00e1scara<\/li>\n<li>Traje tyvek<\/li>\n<li>Monogafas<\/li>\n<li>1 Absorbente \u2013 Bio Matrix\/Spill Sorb: es un absorbente industrial totalmente natural, 100% org\u00e1nico, no t\u00f3xico y biodegradable, que tiene la capacidad de absorber todo tipo de aceites, sustancias qu\u00edmicas, pesticidas y cualquier otro tipo de sustancia con la que se ponga en contacto. Este producto reemplaza el uso de la tierra o la arena seca.<\/li>\n<li>1 Cinta para demarcar el \u00e1rea expuesta<\/li>\n<li>1 Cilindro kit antiderrame<\/li>\n<\/ul>\n<p>Kit B\u00e1sico para la Atenci\u00f3n de Derrames: Es un malet\u00edn que contiene los elementos necesarios (pala, cordones, pa\u00f1os absorbentes, bolsas rojas, guantes de nitrilo solvex, protecci\u00f3n respiratoria media m\u00e1scara, traje tyvek, monogafas y cinta de demarcaci\u00f3n) para contener un derrame m\u00ednimo o menor de alg\u00fan material peligroso.<\/p>\n<p>Ubique el Kit b\u00e1sico de derrames en un lugar visible, alto y de f\u00e1cil acceso a todo el personal, no m\u00e1s de 1.50 metros de altura<\/p>\n","protected":false},"excerpt":{"rendered":"<p><strong>KIT ANTIDERRAME DE MATERIAL PELIGROSO:<\/strong><\/p>\n<p>Cilindro met\u00e1lico de 55 Glns para uso de <a href=\"https:\/\/resitransgroup.com\/portal\/producto\/cilindro-kit-antiderrame\/\" target=\"_blank\" rel=\"noopener noreferrer\">kit antiderrame<\/a> contiene lo siguiente:<\/p>\n<p>15 pa\u00f1os absorbentes, 15 trapos industriales, 15 bolsas de pl\u00e1sticos de color rojo, 2 pares de guantes de nitrilo, 2 mascarillas para vapores, 3 sacos nuevos de polipropileno, 3 salchichas absorbentes, 15 costales de nylon, 2 traje tivek, 1 pico antichispas, 1 pala antichispas, 50 m. de cinta de seguridad roja ,1 bandeja antiderrame, 1 cilindro met\u00e1lico con tapa se color plomo, rotulado \u201c<a href=\"https:\/\/fisicalabsinvestigacion.uniandes.edu.co\/archivos\/man_salud_ocup\/ANEXOS_GISSA_2013\/MANEJO%20DE%20DERRAMES%20Ver%20Impresi%C3%B3n.pdf\" target=\"_blank\" rel=\"noopener noreferrer\">Kits Antiderrame<\/a>\u201d.<\/p>\n","protected":false},"featured_media":8018,"comment_status":"open","ping_status":"closed","template":"","meta":[],"product_brand":[],"product_cat":[99],"product_tag":[],"class_list":{"0":"post-7712","1":"product","2":"type-product","3":"status-publish","4":"has-post-thumbnail","6":"product_cat-sistema-de-contingencia","8":"first","9":"instock","10":"taxable","11":"shipping-taxable","12":"product-type-simple"},"_links":{"self":[{"href":"https:\/\/resitransgroup.com\/portal\/wp-json\/wp\/v2\/product\/7712","targetHints":{"allow":["GET"]}}],"collection":[{"href":"https:\/\/resitransgroup.com\/portal\/wp-json\/wp\/v2\/product"}],"about":[{"href":"https:\/\/resitransgroup.com\/portal\/wp-json\/wp\/v2\/types\/product"}],"replies":[{"embeddable":true,"href":"https:\/\/resitransgroup.com\/portal\/wp-json\/wp\/v2\/comments?post=7712"}],"version-history":[{"count":11,"href":"https:\/\/resitransgroup.com\/portal\/wp-json\/wp\/v2\/product\/7712\/revisions"}],"predecessor-version":[{"id":8025,"href":"https:\/\/resitransgroup.com\/portal\/wp-json\/wp\/v2\/product\/7712\/revisions\/8025"}],"wp:featuredmedia":[{"embeddable":true,"href":"https:\/\/resitransgroup.com\/portal\/wp-json\/wp\/v2\/media\/8018"}],"wp:attachment":[{"href":"https:\/\/resitransgroup.com\/portal\/wp-json\/wp\/v2\/media?parent=7712"}],"wp:term":[{"taxonomy":"product_brand","embeddable":true,"href":"https:\/\/resitransgroup.com\/portal\/wp-json\/wp\/v2\/product_brand?post=7712"},{"taxonomy":"product_cat","embeddable":true,"href":"https:\/\/resitransgroup.com\/portal\/wp-json\/wp\/v2\/product_cat?post=7712"},{"taxonomy":"product_tag","embeddable":true,"href":"https:\/\/resitransgroup.com\/portal\/wp-json\/wp\/v2\/product_tag?post=7712"}],"curies":[{"name":"wp","href":"https:\/\/api.w.org\/{rel}","templated":true}]}}