{"id":7576,"date":"2020-09-18T12:05:42","date_gmt":"2020-09-18T12:05:42","guid":{"rendered":"https:\/\/resitransgroup.com\/portal\/?post_type=product&#038;p=7576"},"modified":"2024-08-06T15:45:32","modified_gmt":"2024-08-06T15:45:32","slug":"punto-ecologico-estructuras-metalicas","status":"publish","type":"product","link":"https:\/\/resitransgroup.com\/portal\/producto\/punto-ecologico-estructuras-metalicas\/","title":{"rendered":"PUNTO ECOL\u00d3GICO"},"content":{"rendered":"<p>Punto ecol\u00f3gico de estructuras met\u00e1licas, de varios tama\u00f1os y capacidades seg\u00fan requerimiento del cliente.<\/p>\n","protected":false},"excerpt":{"rendered":"<p><strong>Caracter\u00edsticas:<\/strong><\/p>\n<p>1. Estructura met\u00e1lica de tubos cuadrados de 1&#8243; x\u00a0 1.2 mm y platina de 1\/40&#8243; terminado en pintura electrost\u00e1tica negra.<\/p>\n<p>2. Para 3, 4 y 6 tachos papeleros de material pl\u00e1stico polietileno tipo vaiv\u00e9n en color verde, azul, gris o rojo, seg\u00fan necesidad, marcadas con su tipo de articulo a reciclar con tapa vaiv\u00e9n.<\/p>\n<p>3. Tablero en vinilo color vivo marcado con tipo de residuo a depositar en cada tacho (opcional personalizaci\u00f3n con logo empresarial)<\/p>\n<p>4. Con bases soportes pl\u00e1sticas graduables para estructura<\/p>\n","protected":false},"featured_media":7577,"comment_status":"open","ping_status":"closed","template":"","meta":[],"product_brand":[],"product_cat":[98],"product_tag":[],"class_list":{"0":"post-7576","1":"product","2":"type-product","3":"status-publish","4":"has-post-thumbnail","6":"product_cat-manejo-de-residuos","8":"first","9":"instock","10":"virtual","11":"taxable","12":"product-type-simple"},"_links":{"self":[{"href":"https:\/\/resitransgroup.com\/portal\/wp-json\/wp\/v2\/product\/7576","targetHints":{"allow":["GET"]}}],"collection":[{"href":"https:\/\/resitransgroup.com\/portal\/wp-json\/wp\/v2\/product"}],"about":[{"href":"https:\/\/resitransgroup.com\/portal\/wp-json\/wp\/v2\/types\/product"}],"replies":[{"embeddable":true,"href":"https:\/\/resitransgroup.com\/portal\/wp-json\/wp\/v2\/comments?post=7576"}],"version-history":[{"count":8,"href":"https:\/\/resitransgroup.com\/portal\/wp-json\/wp\/v2\/product\/7576\/revisions"}],"predecessor-version":[{"id":8984,"href":"https:\/\/resitransgroup.com\/portal\/wp-json\/wp\/v2\/product\/7576\/revisions\/8984"}],"wp:featuredmedia":[{"embeddable":true,"href":"https:\/\/resitransgroup.com\/portal\/wp-json\/wp\/v2\/media\/7577"}],"wp:attachment":[{"href":"https:\/\/resitransgroup.com\/portal\/wp-json\/wp\/v2\/media?parent=7576"}],"wp:term":[{"taxonomy":"product_brand","embeddable":true,"href":"https:\/\/resitransgroup.com\/portal\/wp-json\/wp\/v2\/product_brand?post=7576"},{"taxonomy":"product_cat","embeddable":true,"href":"https:\/\/resitransgroup.com\/portal\/wp-json\/wp\/v2\/product_cat?post=7576"},{"taxonomy":"product_tag","embeddable":true,"href":"https:\/\/resitransgroup.com\/portal\/wp-json\/wp\/v2\/product_tag?post=7576"}],"curies":[{"name":"wp","href":"https:\/\/api.w.org\/{rel}","templated":true}]}}