{"id":7556,"date":"2020-09-15T00:22:47","date_gmt":"2020-09-15T00:22:47","guid":{"rendered":"https:\/\/resitransgroup.com\/portal\/?post_type=product&#038;p=7556"},"modified":"2025-12-02T00:12:07","modified_gmt":"2025-12-02T00:12:07","slug":"tachos-contenedores-ecologicos","status":"publish","type":"product","link":"https:\/\/resitransgroup.com\/portal\/producto\/tachos-contenedores-ecologicos\/","title":{"rendered":"CONTENEDORES DE PL\u00c1STICOS"},"content":{"rendered":"<p>TACHOS Y CONTENEDORES ECOL\u00d3GICOS DE PLASTICO DE DIVERSAS CAPACIDADES: 120, 240, 360, 1100 LITROS.<\/p>\n","protected":false},"excerpt":{"rendered":"<p>Contenedores grandes para almacenar gran cantidad de residuos, tenemos contenedores desde 120 Lts con dos ruedas hasta 3000 Lts con cuatro ruedas.<\/p>\n<ul>\n<li>Productos protegidos contra los rayos UV.<\/li>\n<li>Alta resistencia a golpes y roturas.<\/li>\n<li>Permite elevarse con sistema alzacontenedores.<\/li>\n<li>Con sobretapas.<\/li>\n<li>Fabricaci\u00f3n europea.<\/li>\n<\/ul>\n","protected":false},"featured_media":7558,"comment_status":"open","ping_status":"closed","template":"","meta":{"_joinchat":[]},"product_brand":[],"product_cat":[98],"product_tag":[],"class_list":{"0":"post-7556","1":"product","2":"type-product","3":"status-publish","4":"has-post-thumbnail","6":"product_cat-manejo-de-residuos","8":"first","9":"instock","10":"taxable","11":"shipping-taxable","12":"product-type-simple"},"yoast_head":"<!-- This site is optimized with the Yoast SEO plugin v27.4 - https:\/\/yoast.com\/product\/yoast-seo-wordpress\/ -->\n<title>TACHOS Y CONTENEDORES ECOL\u00d3GICOS DE PLASTICO<\/title>\n<meta name=\"description\" content=\"Proveemos art\u00edculos para la Gesti\u00f3n Ambiental como tachos y contenedores ecol\u00f3gicos de pl\u00e1sticos de excelente acabado, entre otros.\" \/>\n<meta name=\"robots\" content=\"index, follow, max-snippet:-1, max-image-preview:large, max-video-preview:-1\" \/>\n<link rel=\"canonical\" href=\"https:\/\/resitransgroup.com\/portal\/producto\/tachos-contenedores-ecologicos\/\" \/>\n<meta property=\"og:locale\" content=\"es_ES\" \/>\n<meta property=\"og:type\" content=\"article\" \/>\n<meta property=\"og:title\" content=\"TACHOS Y CONTENEDORES ECOL\u00d3GICOS DE PLASTICO\" \/>\n<meta property=\"og:description\" content=\"Proveemos art\u00edculos para la Gesti\u00f3n Ambiental como tachos y contenedores ecol\u00f3gicos de pl\u00e1sticos de excelente acabado, entre otros.\" \/>\n<meta property=\"og:url\" content=\"https:\/\/resitransgroup.com\/portal\/producto\/tachos-contenedores-ecologicos\/\" \/>\n<meta property=\"article:publisher\" content=\"https:\/\/www.facebook.com\/resitransgroup\/\" \/>\n<meta property=\"article:modified_time\" content=\"2025-12-02T00:12:07+00:00\" \/>\n<meta property=\"og:image\" content=\"https:\/\/resitransgroup.com\/portal\/wp-content\/uploads\/2020\/09\/contenedor-120-litros.jpg\" \/>\n\t<meta property=\"og:image:width\" content=\"750\" \/>\n\t<meta property=\"og:image:height\" content=\"540\" \/>\n\t<meta property=\"og:image:type\" content=\"image\/jpeg\" \/>\n<meta name=\"twitter:card\" content=\"summary_large_image\" \/>\n<meta name=\"twitter:label1\" content=\"Tiempo de lectura\" \/>\n\t<meta name=\"twitter:data1\" content=\"1 minuto\" \/>\n<script type=\"application\/ld+json\" class=\"yoast-schema-graph\">{\"@context\":\"https:\\\/\\\/schema.org\",\"@graph\":[{\"@type\":\"WebPage\",\"@id\":\"https:\\\/\\\/resitransgroup.com\\\/portal\\\/producto\\\/tachos-contenedores-ecologicos\\\/\",\"url\":\"https:\\\/\\\/resitransgroup.com\\\/portal\\\/producto\\\/tachos-contenedores-ecologicos\\\/\",\"name\":\"TACHOS Y CONTENEDORES ECOL\u00d3GICOS DE PLASTICO\",\"isPartOf\":{\"@id\":\"https:\\\/\\\/resitransgroup.com\\\/portal\\\/#website\"},\"primaryImageOfPage\":{\"@id\":\"https:\\\/\\\/resitransgroup.com\\\/portal\\\/producto\\\/tachos-contenedores-ecologicos\\\/#primaryimage\"},\"image\":{\"@id\":\"https:\\\/\\\/resitransgroup.com\\\/portal\\\/producto\\\/tachos-contenedores-ecologicos\\\/#primaryimage\"},\"thumbnailUrl\":\"https:\\\/\\\/resitransgroup.com\\\/portal\\\/wp-content\\\/uploads\\\/2020\\\/09\\\/contenedor-120-litros.jpg\",\"datePublished\":\"2020-09-15T00:22:47+00:00\",\"dateModified\":\"2025-12-02T00:12:07+00:00\",\"description\":\"Proveemos art\u00edculos para la Gesti\u00f3n Ambiental como tachos y contenedores ecol\u00f3gicos de pl\u00e1sticos de excelente acabado, entre otros.\",\"breadcrumb\":{\"@id\":\"https:\\\/\\\/resitransgroup.com\\\/portal\\\/producto\\\/tachos-contenedores-ecologicos\\\/#breadcrumb\"},\"inLanguage\":\"es\",\"potentialAction\":[{\"@type\":\"ReadAction\",\"target\":[\"https:\\\/\\\/resitransgroup.com\\\/portal\\\/producto\\\/tachos-contenedores-ecologicos\\\/\"]}]},{\"@type\":\"ImageObject\",\"inLanguage\":\"es\",\"@id\":\"https:\\\/\\\/resitransgroup.com\\\/portal\\\/producto\\\/tachos-contenedores-ecologicos\\\/#primaryimage\",\"url\":\"https:\\\/\\\/resitransgroup.com\\\/portal\\\/wp-content\\\/uploads\\\/2020\\\/09\\\/contenedor-120-litros.jpg\",\"contentUrl\":\"https:\\\/\\\/resitransgroup.com\\\/portal\\\/wp-content\\\/uploads\\\/2020\\\/09\\\/contenedor-120-litros.jpg\",\"width\":750,\"height\":540,\"caption\":\"tacho y contenedores\"},{\"@type\":\"BreadcrumbList\",\"@id\":\"https:\\\/\\\/resitransgroup.com\\\/portal\\\/producto\\\/tachos-contenedores-ecologicos\\\/#breadcrumb\",\"itemListElement\":[{\"@type\":\"ListItem\",\"position\":1,\"name\":\"Portada\",\"item\":\"https:\\\/\\\/resitransgroup.com\\\/portal\\\/\"},{\"@type\":\"ListItem\",\"position\":2,\"name\":\"TIENDA\",\"item\":\"https:\\\/\\\/resitransgroup.com\\\/portal\\\/tachos\\\/\"},{\"@type\":\"ListItem\",\"position\":3,\"name\":\"CONTENEDORES DE PL\u00c1STICOS\"}]},{\"@type\":\"WebSite\",\"@id\":\"https:\\\/\\\/resitransgroup.com\\\/portal\\\/#website\",\"url\":\"https:\\\/\\\/resitransgroup.com\\\/portal\\\/\",\"name\":\"\",\"description\":\"\",\"publisher\":{\"@id\":\"https:\\\/\\\/resitransgroup.com\\\/portal\\\/#organization\"},\"potentialAction\":[{\"@type\":\"SearchAction\",\"target\":{\"@type\":\"EntryPoint\",\"urlTemplate\":\"https:\\\/\\\/resitransgroup.com\\\/portal\\\/?s={search_term_string}\"},\"query-input\":{\"@type\":\"PropertyValueSpecification\",\"valueRequired\":true,\"valueName\":\"search_term_string\"}}],\"inLanguage\":\"es\"},{\"@type\":\"Organization\",\"@id\":\"https:\\\/\\\/resitransgroup.com\\\/portal\\\/#organization\",\"name\":\"Resitrans Group S.A.C.\",\"url\":\"https:\\\/\\\/resitransgroup.com\\\/portal\\\/\",\"logo\":{\"@type\":\"ImageObject\",\"inLanguage\":\"es\",\"@id\":\"https:\\\/\\\/resitransgroup.com\\\/portal\\\/#\\\/schema\\\/logo\\\/image\\\/\",\"url\":\"https:\\\/\\\/resitransgroup.com\\\/portal\\\/wp-content\\\/uploads\\\/2020\\\/08\\\/LOGO-RG-ULTIMO.jpg\",\"contentUrl\":\"https:\\\/\\\/resitransgroup.com\\\/portal\\\/wp-content\\\/uploads\\\/2020\\\/08\\\/LOGO-RG-ULTIMO.jpg\",\"width\":1334,\"height\":290,\"caption\":\"Resitrans Group S.A.C.\"},\"image\":{\"@id\":\"https:\\\/\\\/resitransgroup.com\\\/portal\\\/#\\\/schema\\\/logo\\\/image\\\/\"},\"sameAs\":[\"https:\\\/\\\/www.facebook.com\\\/resitransgroup\\\/\",\"https:\\\/\\\/www.linkedin.com\\\/feed\\\/\",\"https:\\\/\\\/www.youtube.com\\\/channel\\\/UC8vyXJYiVfP82EbANPa5DcQ\"]}]}<\/script>\n<!-- \/ Yoast SEO plugin. -->","yoast_head_json":{"title":"TACHOS Y CONTENEDORES ECOL\u00d3GICOS DE PLASTICO","description":"Proveemos art\u00edculos para la Gesti\u00f3n Ambiental como tachos y contenedores ecol\u00f3gicos de pl\u00e1sticos de excelente acabado, entre otros.","robots":{"index":"index","follow":"follow","max-snippet":"max-snippet:-1","max-image-preview":"max-image-preview:large","max-video-preview":"max-video-preview:-1"},"canonical":"https:\/\/resitransgroup.com\/portal\/producto\/tachos-contenedores-ecologicos\/","og_locale":"es_ES","og_type":"article","og_title":"TACHOS Y CONTENEDORES ECOL\u00d3GICOS DE PLASTICO","og_description":"Proveemos art\u00edculos para la Gesti\u00f3n Ambiental como tachos y contenedores ecol\u00f3gicos de pl\u00e1sticos de excelente acabado, entre otros.","og_url":"https:\/\/resitransgroup.com\/portal\/producto\/tachos-contenedores-ecologicos\/","article_publisher":"https:\/\/www.facebook.com\/resitransgroup\/","article_modified_time":"2025-12-02T00:12:07+00:00","og_image":[{"width":750,"height":540,"url":"https:\/\/resitransgroup.com\/portal\/wp-content\/uploads\/2020\/09\/contenedor-120-litros.jpg","type":"image\/jpeg"}],"twitter_card":"summary_large_image","twitter_misc":{"Tiempo de lectura":"1 minuto"},"schema":{"@context":"https:\/\/schema.org","@graph":[{"@type":"WebPage","@id":"https:\/\/resitransgroup.com\/portal\/producto\/tachos-contenedores-ecologicos\/","url":"https:\/\/resitransgroup.com\/portal\/producto\/tachos-contenedores-ecologicos\/","name":"TACHOS Y CONTENEDORES ECOL\u00d3GICOS DE PLASTICO","isPartOf":{"@id":"https:\/\/resitransgroup.com\/portal\/#website"},"primaryImageOfPage":{"@id":"https:\/\/resitransgroup.com\/portal\/producto\/tachos-contenedores-ecologicos\/#primaryimage"},"image":{"@id":"https:\/\/resitransgroup.com\/portal\/producto\/tachos-contenedores-ecologicos\/#primaryimage"},"thumbnailUrl":"https:\/\/resitransgroup.com\/portal\/wp-content\/uploads\/2020\/09\/contenedor-120-litros.jpg","datePublished":"2020-09-15T00:22:47+00:00","dateModified":"2025-12-02T00:12:07+00:00","description":"Proveemos art\u00edculos para la Gesti\u00f3n Ambiental como tachos y contenedores ecol\u00f3gicos de pl\u00e1sticos de excelente acabado, entre otros.","breadcrumb":{"@id":"https:\/\/resitransgroup.com\/portal\/producto\/tachos-contenedores-ecologicos\/#breadcrumb"},"inLanguage":"es","potentialAction":[{"@type":"ReadAction","target":["https:\/\/resitransgroup.com\/portal\/producto\/tachos-contenedores-ecologicos\/"]}]},{"@type":"ImageObject","inLanguage":"es","@id":"https:\/\/resitransgroup.com\/portal\/producto\/tachos-contenedores-ecologicos\/#primaryimage","url":"https:\/\/resitransgroup.com\/portal\/wp-content\/uploads\/2020\/09\/contenedor-120-litros.jpg","contentUrl":"https:\/\/resitransgroup.com\/portal\/wp-content\/uploads\/2020\/09\/contenedor-120-litros.jpg","width":750,"height":540,"caption":"tacho y contenedores"},{"@type":"BreadcrumbList","@id":"https:\/\/resitransgroup.com\/portal\/producto\/tachos-contenedores-ecologicos\/#breadcrumb","itemListElement":[{"@type":"ListItem","position":1,"name":"Portada","item":"https:\/\/resitransgroup.com\/portal\/"},{"@type":"ListItem","position":2,"name":"TIENDA","item":"https:\/\/resitransgroup.com\/portal\/tachos\/"},{"@type":"ListItem","position":3,"name":"CONTENEDORES DE PL\u00c1STICOS"}]},{"@type":"WebSite","@id":"https:\/\/resitransgroup.com\/portal\/#website","url":"https:\/\/resitransgroup.com\/portal\/","name":"","description":"","publisher":{"@id":"https:\/\/resitransgroup.com\/portal\/#organization"},"potentialAction":[{"@type":"SearchAction","target":{"@type":"EntryPoint","urlTemplate":"https:\/\/resitransgroup.com\/portal\/?s={search_term_string}"},"query-input":{"@type":"PropertyValueSpecification","valueRequired":true,"valueName":"search_term_string"}}],"inLanguage":"es"},{"@type":"Organization","@id":"https:\/\/resitransgroup.com\/portal\/#organization","name":"Resitrans Group S.A.C.","url":"https:\/\/resitransgroup.com\/portal\/","logo":{"@type":"ImageObject","inLanguage":"es","@id":"https:\/\/resitransgroup.com\/portal\/#\/schema\/logo\/image\/","url":"https:\/\/resitransgroup.com\/portal\/wp-content\/uploads\/2020\/08\/LOGO-RG-ULTIMO.jpg","contentUrl":"https:\/\/resitransgroup.com\/portal\/wp-content\/uploads\/2020\/08\/LOGO-RG-ULTIMO.jpg","width":1334,"height":290,"caption":"Resitrans Group S.A.C."},"image":{"@id":"https:\/\/resitransgroup.com\/portal\/#\/schema\/logo\/image\/"},"sameAs":["https:\/\/www.facebook.com\/resitransgroup\/","https:\/\/www.linkedin.com\/feed\/","https:\/\/www.youtube.com\/channel\/UC8vyXJYiVfP82EbANPa5DcQ"]}]}},"_links":{"self":[{"href":"https:\/\/resitransgroup.com\/portal\/wp-json\/wp\/v2\/product\/7556","targetHints":{"allow":["GET"]}}],"collection":[{"href":"https:\/\/resitransgroup.com\/portal\/wp-json\/wp\/v2\/product"}],"about":[{"href":"https:\/\/resitransgroup.com\/portal\/wp-json\/wp\/v2\/types\/product"}],"replies":[{"embeddable":true,"href":"https:\/\/resitransgroup.com\/portal\/wp-json\/wp\/v2\/comments?post=7556"}],"version-history":[{"count":5,"href":"https:\/\/resitransgroup.com\/portal\/wp-json\/wp\/v2\/product\/7556\/revisions"}],"predecessor-version":[{"id":8982,"href":"https:\/\/resitransgroup.com\/portal\/wp-json\/wp\/v2\/product\/7556\/revisions\/8982"}],"wp:featuredmedia":[{"embeddable":true,"href":"https:\/\/resitransgroup.com\/portal\/wp-json\/wp\/v2\/media\/7558"}],"wp:attachment":[{"href":"https:\/\/resitransgroup.com\/portal\/wp-json\/wp\/v2\/media?parent=7556"}],"wp:term":[{"taxonomy":"product_brand","embeddable":true,"href":"https:\/\/resitransgroup.com\/portal\/wp-json\/wp\/v2\/product_brand?post=7556"},{"taxonomy":"product_cat","embeddable":true,"href":"https:\/\/resitransgroup.com\/portal\/wp-json\/wp\/v2\/product_cat?post=7556"},{"taxonomy":"product_tag","embeddable":true,"href":"https:\/\/resitransgroup.com\/portal\/wp-json\/wp\/v2\/product_tag?post=7556"}],"curies":[{"name":"wp","href":"https:\/\/api.w.org\/{rel}","templated":true}]}}