{"id":7066,"date":"2020-06-29T23:00:35","date_gmt":"2020-06-29T23:00:35","guid":{"rendered":"https:\/\/resitransgroup.com\/portal\/?post_type=product&#038;p=7066"},"modified":"2026-01-03T11:13:36","modified_gmt":"2026-01-03T11:13:36","slug":"cilindros-ecologicos","status":"publish","type":"product","link":"https:\/\/resitransgroup.com\/portal\/producto\/cilindros-ecologicos\/","title":{"rendered":"CILINDROS DE 55 GLNS PARA RESIDUOS (60&#215;90)"},"content":{"rendered":"<p><a href=\"https:\/\/resitransgroup.com\/portal\/producto\/tacho-reutilizado-55-gl-60x90\/\">Cilindros ecol\u00f3gicos met\u00e1licos de 55 Glns<\/a>. con tapa y asa, pintados seg\u00fan la <a href=\"https:\/\/www.minam.gob.pe\/gestion-de-residuos-solidos\/norma-tecnica-peruana-de-colores-ntp-900-058-2019\/\">NTP 900.058.2019<\/a>, serigrafiado y personalizado para el almacenamiento de los residuos s\u00f3lidos.<\/p>\n<p>Los cilindros ecol\u00f3gicos llamados as\u00ed por que se obtienen de los cilindros met\u00e1licos de 55 glns reaprovechados, dando una nueva utilidad, se les pinta y rotula de acuerdo a la NTP esto es:<\/p>\n<p id=\"2kdog\">Cilindros de color rojo son para los residuos peligrosos<\/p>\n<p>Cilindros de color negro son para los residuos no reaprovechables<\/p>\n<p>Cilindros de color marr\u00f3n son para los residuos org\u00e1nicos<\/p>\n<p>Cilindros de color amarillo son para los residuos met\u00e1licos<\/p>\n<p>Cilindros de color azul son para los residuos papel y cart\u00f3n<\/p>\n<p>Cilindros de color blanco son para los residuos pl\u00e1sticos<\/p>\n<p>Cilindros de color plomo son para los residuos de vidrios<\/p>\n<p>Ayudemos a reducir los residuos en el planeta, comun\u00edcate con nosotros y dona tus cilindros que tienes acumulados en tus almacenes.<\/p>\n","protected":false},"excerpt":{"rendered":"<p><a href=\"https:\/\/resitransgroup.com\/portal\/producto\/tacho-reutilizado-55-gl-60x90\/\">Cilindros met\u00e1licos de 55 galones<\/a> con tapa y asa, serigrafiado y pintado seg\u00fan la <a href=\"https:\/\/www.minam.gob.pe\/gestion-de-residuos-solidos\/norma-tecnica-peruana-de-colores-ntp-900-058-2019\/\">NTP 900.058.2019<\/a>, para manejo de residuos solidos en el \u00e1mbito municipal y no municipal (industrias).<\/p>\n","protected":false},"featured_media":7134,"comment_status":"open","ping_status":"closed","template":"","meta":{"_joinchat":[]},"product_brand":[],"product_cat":[98],"product_tag":[],"class_list":{"0":"post-7066","1":"product","2":"type-product","3":"status-publish","4":"has-post-thumbnail","6":"product_cat-manejo-de-residuos","8":"first","9":"instock","10":"taxable","11":"shipping-taxable","12":"product-type-simple"},"yoast_head":"<!-- This site is optimized with the Yoast SEO plugin v27.4 - https:\/\/yoast.com\/product\/yoast-seo-wordpress\/ -->\n<title>Cilindros ecol\u00f3gicos | Tachos | Contenedores | Puntos ecol\u00f3gicos<\/title>\n<meta name=\"description\" content=\"Cilindros ecol\u00f3gicos de 55 galones con tapa y asa, serigrafiado y pintado seg\u00fan la NTP 900.058.2019, para uso de manejo de residuos s\u00f3lidos.\" \/>\n<meta name=\"robots\" content=\"index, follow, max-snippet:-1, max-image-preview:large, max-video-preview:-1\" \/>\n<link rel=\"canonical\" href=\"https:\/\/resitransgroup.com\/portal\/producto\/cilindros-ecologicos\/\" \/>\n<meta property=\"og:locale\" content=\"es_ES\" \/>\n<meta property=\"og:type\" content=\"article\" \/>\n<meta property=\"og:title\" content=\"Cilindros ecol\u00f3gicos | Tachos | Contenedores | Puntos ecol\u00f3gicos\" \/>\n<meta property=\"og:description\" content=\"Cilindros ecol\u00f3gicos de 55 galones con tapa y asa, serigrafiado y pintado seg\u00fan la NTP 900.058.2019, para uso de manejo de residuos s\u00f3lidos.\" \/>\n<meta property=\"og:url\" content=\"https:\/\/resitransgroup.com\/portal\/producto\/cilindros-ecologicos\/\" \/>\n<meta property=\"article:publisher\" content=\"https:\/\/www.facebook.com\/resitransgroup\/\" \/>\n<meta property=\"article:modified_time\" content=\"2026-01-03T11:13:36+00:00\" \/>\n<meta property=\"og:image\" content=\"https:\/\/resitransgroup.com\/portal\/wp-content\/uploads\/2020\/08\/cilindro-1.jpg\" \/>\n\t<meta property=\"og:image:width\" content=\"392\" \/>\n\t<meta property=\"og:image:height\" content=\"500\" \/>\n\t<meta property=\"og:image:type\" content=\"image\/jpeg\" \/>\n<meta name=\"twitter:card\" content=\"summary_large_image\" \/>\n<meta name=\"twitter:label1\" content=\"Tiempo de lectura\" \/>\n\t<meta name=\"twitter:data1\" content=\"1 minuto\" \/>\n<script type=\"application\/ld+json\" class=\"yoast-schema-graph\">{\"@context\":\"https:\\\/\\\/schema.org\",\"@graph\":[{\"@type\":\"WebPage\",\"@id\":\"https:\\\/\\\/resitransgroup.com\\\/portal\\\/producto\\\/cilindros-ecologicos\\\/\",\"url\":\"https:\\\/\\\/resitransgroup.com\\\/portal\\\/producto\\\/cilindros-ecologicos\\\/\",\"name\":\"Cilindros ecol\u00f3gicos | Tachos | Contenedores | Puntos ecol\u00f3gicos\",\"isPartOf\":{\"@id\":\"https:\\\/\\\/resitransgroup.com\\\/portal\\\/#website\"},\"primaryImageOfPage\":{\"@id\":\"https:\\\/\\\/resitransgroup.com\\\/portal\\\/producto\\\/cilindros-ecologicos\\\/#primaryimage\"},\"image\":{\"@id\":\"https:\\\/\\\/resitransgroup.com\\\/portal\\\/producto\\\/cilindros-ecologicos\\\/#primaryimage\"},\"thumbnailUrl\":\"https:\\\/\\\/resitransgroup.com\\\/portal\\\/wp-content\\\/uploads\\\/2020\\\/08\\\/cilindro-1.jpg\",\"datePublished\":\"2020-06-29T23:00:35+00:00\",\"dateModified\":\"2026-01-03T11:13:36+00:00\",\"description\":\"Cilindros ecol\u00f3gicos de 55 galones con tapa y asa, serigrafiado y pintado seg\u00fan la NTP 900.058.2019, para uso de manejo de residuos s\u00f3lidos.\",\"breadcrumb\":{\"@id\":\"https:\\\/\\\/resitransgroup.com\\\/portal\\\/producto\\\/cilindros-ecologicos\\\/#breadcrumb\"},\"inLanguage\":\"es\",\"potentialAction\":[{\"@type\":\"ReadAction\",\"target\":[\"https:\\\/\\\/resitransgroup.com\\\/portal\\\/producto\\\/cilindros-ecologicos\\\/\"]}]},{\"@type\":\"ImageObject\",\"inLanguage\":\"es\",\"@id\":\"https:\\\/\\\/resitransgroup.com\\\/portal\\\/producto\\\/cilindros-ecologicos\\\/#primaryimage\",\"url\":\"https:\\\/\\\/resitransgroup.com\\\/portal\\\/wp-content\\\/uploads\\\/2020\\\/08\\\/cilindro-1.jpg\",\"contentUrl\":\"https:\\\/\\\/resitransgroup.com\\\/portal\\\/wp-content\\\/uploads\\\/2020\\\/08\\\/cilindro-1.jpg\",\"width\":392,\"height\":500,\"caption\":\"cilindros ecologicos\"},{\"@type\":\"BreadcrumbList\",\"@id\":\"https:\\\/\\\/resitransgroup.com\\\/portal\\\/producto\\\/cilindros-ecologicos\\\/#breadcrumb\",\"itemListElement\":[{\"@type\":\"ListItem\",\"position\":1,\"name\":\"Portada\",\"item\":\"https:\\\/\\\/resitransgroup.com\\\/portal\\\/\"},{\"@type\":\"ListItem\",\"position\":2,\"name\":\"TIENDA\",\"item\":\"https:\\\/\\\/resitransgroup.com\\\/portal\\\/tachos\\\/\"},{\"@type\":\"ListItem\",\"position\":3,\"name\":\"CILINDROS DE 55 GLNS PARA RESIDUOS (60&#215;90)\"}]},{\"@type\":\"WebSite\",\"@id\":\"https:\\\/\\\/resitransgroup.com\\\/portal\\\/#website\",\"url\":\"https:\\\/\\\/resitransgroup.com\\\/portal\\\/\",\"name\":\"\",\"description\":\"\",\"publisher\":{\"@id\":\"https:\\\/\\\/resitransgroup.com\\\/portal\\\/#organization\"},\"potentialAction\":[{\"@type\":\"SearchAction\",\"target\":{\"@type\":\"EntryPoint\",\"urlTemplate\":\"https:\\\/\\\/resitransgroup.com\\\/portal\\\/?s={search_term_string}\"},\"query-input\":{\"@type\":\"PropertyValueSpecification\",\"valueRequired\":true,\"valueName\":\"search_term_string\"}}],\"inLanguage\":\"es\"},{\"@type\":\"Organization\",\"@id\":\"https:\\\/\\\/resitransgroup.com\\\/portal\\\/#organization\",\"name\":\"Resitrans Group S.A.C.\",\"url\":\"https:\\\/\\\/resitransgroup.com\\\/portal\\\/\",\"logo\":{\"@type\":\"ImageObject\",\"inLanguage\":\"es\",\"@id\":\"https:\\\/\\\/resitransgroup.com\\\/portal\\\/#\\\/schema\\\/logo\\\/image\\\/\",\"url\":\"https:\\\/\\\/resitransgroup.com\\\/portal\\\/wp-content\\\/uploads\\\/2020\\\/08\\\/LOGO-RG-ULTIMO.jpg\",\"contentUrl\":\"https:\\\/\\\/resitransgroup.com\\\/portal\\\/wp-content\\\/uploads\\\/2020\\\/08\\\/LOGO-RG-ULTIMO.jpg\",\"width\":1334,\"height\":290,\"caption\":\"Resitrans Group S.A.C.\"},\"image\":{\"@id\":\"https:\\\/\\\/resitransgroup.com\\\/portal\\\/#\\\/schema\\\/logo\\\/image\\\/\"},\"sameAs\":[\"https:\\\/\\\/www.facebook.com\\\/resitransgroup\\\/\",\"https:\\\/\\\/www.linkedin.com\\\/feed\\\/\",\"https:\\\/\\\/www.youtube.com\\\/channel\\\/UC8vyXJYiVfP82EbANPa5DcQ\"]}]}<\/script>\n<!-- \/ Yoast SEO plugin. -->","yoast_head_json":{"title":"Cilindros ecol\u00f3gicos | Tachos | Contenedores | Puntos ecol\u00f3gicos","description":"Cilindros ecol\u00f3gicos de 55 galones con tapa y asa, serigrafiado y pintado seg\u00fan la NTP 900.058.2019, para uso de manejo de residuos s\u00f3lidos.","robots":{"index":"index","follow":"follow","max-snippet":"max-snippet:-1","max-image-preview":"max-image-preview:large","max-video-preview":"max-video-preview:-1"},"canonical":"https:\/\/resitransgroup.com\/portal\/producto\/cilindros-ecologicos\/","og_locale":"es_ES","og_type":"article","og_title":"Cilindros ecol\u00f3gicos | Tachos | Contenedores | Puntos ecol\u00f3gicos","og_description":"Cilindros ecol\u00f3gicos de 55 galones con tapa y asa, serigrafiado y pintado seg\u00fan la NTP 900.058.2019, para uso de manejo de residuos s\u00f3lidos.","og_url":"https:\/\/resitransgroup.com\/portal\/producto\/cilindros-ecologicos\/","article_publisher":"https:\/\/www.facebook.com\/resitransgroup\/","article_modified_time":"2026-01-03T11:13:36+00:00","og_image":[{"width":392,"height":500,"url":"https:\/\/resitransgroup.com\/portal\/wp-content\/uploads\/2020\/08\/cilindro-1.jpg","type":"image\/jpeg"}],"twitter_card":"summary_large_image","twitter_misc":{"Tiempo de lectura":"1 minuto"},"schema":{"@context":"https:\/\/schema.org","@graph":[{"@type":"WebPage","@id":"https:\/\/resitransgroup.com\/portal\/producto\/cilindros-ecologicos\/","url":"https:\/\/resitransgroup.com\/portal\/producto\/cilindros-ecologicos\/","name":"Cilindros ecol\u00f3gicos | Tachos | Contenedores | Puntos ecol\u00f3gicos","isPartOf":{"@id":"https:\/\/resitransgroup.com\/portal\/#website"},"primaryImageOfPage":{"@id":"https:\/\/resitransgroup.com\/portal\/producto\/cilindros-ecologicos\/#primaryimage"},"image":{"@id":"https:\/\/resitransgroup.com\/portal\/producto\/cilindros-ecologicos\/#primaryimage"},"thumbnailUrl":"https:\/\/resitransgroup.com\/portal\/wp-content\/uploads\/2020\/08\/cilindro-1.jpg","datePublished":"2020-06-29T23:00:35+00:00","dateModified":"2026-01-03T11:13:36+00:00","description":"Cilindros ecol\u00f3gicos de 55 galones con tapa y asa, serigrafiado y pintado seg\u00fan la NTP 900.058.2019, para uso de manejo de residuos s\u00f3lidos.","breadcrumb":{"@id":"https:\/\/resitransgroup.com\/portal\/producto\/cilindros-ecologicos\/#breadcrumb"},"inLanguage":"es","potentialAction":[{"@type":"ReadAction","target":["https:\/\/resitransgroup.com\/portal\/producto\/cilindros-ecologicos\/"]}]},{"@type":"ImageObject","inLanguage":"es","@id":"https:\/\/resitransgroup.com\/portal\/producto\/cilindros-ecologicos\/#primaryimage","url":"https:\/\/resitransgroup.com\/portal\/wp-content\/uploads\/2020\/08\/cilindro-1.jpg","contentUrl":"https:\/\/resitransgroup.com\/portal\/wp-content\/uploads\/2020\/08\/cilindro-1.jpg","width":392,"height":500,"caption":"cilindros ecologicos"},{"@type":"BreadcrumbList","@id":"https:\/\/resitransgroup.com\/portal\/producto\/cilindros-ecologicos\/#breadcrumb","itemListElement":[{"@type":"ListItem","position":1,"name":"Portada","item":"https:\/\/resitransgroup.com\/portal\/"},{"@type":"ListItem","position":2,"name":"TIENDA","item":"https:\/\/resitransgroup.com\/portal\/tachos\/"},{"@type":"ListItem","position":3,"name":"CILINDROS DE 55 GLNS PARA RESIDUOS (60&#215;90)"}]},{"@type":"WebSite","@id":"https:\/\/resitransgroup.com\/portal\/#website","url":"https:\/\/resitransgroup.com\/portal\/","name":"","description":"","publisher":{"@id":"https:\/\/resitransgroup.com\/portal\/#organization"},"potentialAction":[{"@type":"SearchAction","target":{"@type":"EntryPoint","urlTemplate":"https:\/\/resitransgroup.com\/portal\/?s={search_term_string}"},"query-input":{"@type":"PropertyValueSpecification","valueRequired":true,"valueName":"search_term_string"}}],"inLanguage":"es"},{"@type":"Organization","@id":"https:\/\/resitransgroup.com\/portal\/#organization","name":"Resitrans Group S.A.C.","url":"https:\/\/resitransgroup.com\/portal\/","logo":{"@type":"ImageObject","inLanguage":"es","@id":"https:\/\/resitransgroup.com\/portal\/#\/schema\/logo\/image\/","url":"https:\/\/resitransgroup.com\/portal\/wp-content\/uploads\/2020\/08\/LOGO-RG-ULTIMO.jpg","contentUrl":"https:\/\/resitransgroup.com\/portal\/wp-content\/uploads\/2020\/08\/LOGO-RG-ULTIMO.jpg","width":1334,"height":290,"caption":"Resitrans Group S.A.C."},"image":{"@id":"https:\/\/resitransgroup.com\/portal\/#\/schema\/logo\/image\/"},"sameAs":["https:\/\/www.facebook.com\/resitransgroup\/","https:\/\/www.linkedin.com\/feed\/","https:\/\/www.youtube.com\/channel\/UC8vyXJYiVfP82EbANPa5DcQ"]}]}},"_links":{"self":[{"href":"https:\/\/resitransgroup.com\/portal\/wp-json\/wp\/v2\/product\/7066","targetHints":{"allow":["GET"]}}],"collection":[{"href":"https:\/\/resitransgroup.com\/portal\/wp-json\/wp\/v2\/product"}],"about":[{"href":"https:\/\/resitransgroup.com\/portal\/wp-json\/wp\/v2\/types\/product"}],"replies":[{"embeddable":true,"href":"https:\/\/resitransgroup.com\/portal\/wp-json\/wp\/v2\/comments?post=7066"}],"version-history":[{"count":9,"href":"https:\/\/resitransgroup.com\/portal\/wp-json\/wp\/v2\/product\/7066\/revisions"}],"predecessor-version":[{"id":8585,"href":"https:\/\/resitransgroup.com\/portal\/wp-json\/wp\/v2\/product\/7066\/revisions\/8585"}],"wp:featuredmedia":[{"embeddable":true,"href":"https:\/\/resitransgroup.com\/portal\/wp-json\/wp\/v2\/media\/7134"}],"wp:attachment":[{"href":"https:\/\/resitransgroup.com\/portal\/wp-json\/wp\/v2\/media?parent=7066"}],"wp:term":[{"taxonomy":"product_brand","embeddable":true,"href":"https:\/\/resitransgroup.com\/portal\/wp-json\/wp\/v2\/product_brand?post=7066"},{"taxonomy":"product_cat","embeddable":true,"href":"https:\/\/resitransgroup.com\/portal\/wp-json\/wp\/v2\/product_cat?post=7066"},{"taxonomy":"product_tag","embeddable":true,"href":"https:\/\/resitransgroup.com\/portal\/wp-json\/wp\/v2\/product_tag?post=7066"}],"curies":[{"name":"wp","href":"https:\/\/api.w.org\/{rel}","templated":true}]}}